{"id":343,"date":"2021-02-12T15:52:49","date_gmt":"2021-02-12T14:52:49","guid":{"rendered":"http:\/\/saintjosephedern.fr\/?page_id=343"},"modified":"2025-12-11T11:45:36","modified_gmt":"2025-12-11T10:45:36","slug":"logec-lapel","status":"publish","type":"page","link":"http:\/\/saintjosephedern.fr\/?page_id=343","title":{"rendered":"L&rsquo;OGEC \/ L&rsquo;APEL"},"content":{"rendered":"<p>[et_pb_section fb_built=\u00a0\u00bb1&Prime; fullwidth=\u00a0\u00bbon\u00a0\u00bb admin_label=\u00a0\u00bbHero\u00a0\u00bb _builder_version=\u00a0\u00bb3.22&Prime; use_background_color_gradient=\u00a0\u00bbon\u00a0\u00bb background_color_gradient_start=\u00a0\u00bb#eeeff2&Prime; background_color_gradient_end=\u00a0\u00bbrgba(238,239,242,0)\u00a0\u00bb background_color_gradient_direction=\u00a0\u00bb90deg\u00a0\u00bb background_color_gradient_start_position=\u00a0\u00bb33%\u00a0\u00bb background_color_gradient_end_position=\u00a0\u00bb52%\u00a0\u00bb background_color_gradient_overlays_image=\u00a0\u00bbon\u00a0\u00bb background_image=\u00a0\u00bbhttp:\/\/saintjosephedern.fr\/wp-content\/uploads\/2021\/01\/dfg.jpg\u00a0\u00bb][et_pb_fullwidth_header subhead=\u00a0\u00bbL&rsquo;OGEC \/ L&rsquo;APEL\u00a0\u00bb content_max_width=\u00a0\u00bb600px\u00a0\u00bb _builder_version=\u00a0\u00bb4.7.5&Prime; title_font=\u00a0\u00bbRubik|700||on|||||\u00a0\u00bb title_text_color=\u00a0\u00bb#ff7355&Prime; title_font_size=\u00a0\u00bb16px\u00a0\u00bb title_letter_spacing=\u00a0\u00bb5px\u00a0\u00bb title_line_height=\u00a0\u00bb0.5em\u00a0\u00bb content_font=\u00a0\u00bbRubik||||||||\u00a0\u00bb content_font_size=\u00a0\u00bb18px\u00a0\u00bb subhead_font=\u00a0\u00bbMogra||||||||\u00a0\u00bb subhead_text_color=\u00a0\u00bb#0c71c3&Prime; subhead_font_size=\u00a0\u00bb50px\u00a0\u00bb subhead_line_height=\u00a0\u00bb1.5em\u00a0\u00bb background_color=\u00a0\u00bbrgba(255,255,255,0)\u00a0\u00bb use_background_color_gradient=\u00a0\u00bbon\u00a0\u00bb background_color_gradient_start=\u00a0\u00bb#ffffff\u00a0\u00bb background_color_gradient_end=\u00a0\u00bbrgba(255,255,255,0.7)\u00a0\u00bb background_color_gradient_direction=\u00a0\u00bb360deg\u00a0\u00bb background_color_gradient_overlays_image=\u00a0\u00bbon\u00a0\u00bb background_image=\u00a0\u00bbhttp:\/\/saintjosephedern.fr\/wp-content\/uploads\/2021\/02\/DSCN2274petit.jpg\u00a0\u00bb custom_button_one=\u00a0\u00bbon\u00a0\u00bb button_one_text_size=\u00a0\u00bb16px\u00a0\u00bb button_one_text_color=\u00a0\u00bb#ffffff\u00a0\u00bb button_one_bg_color=\u00a0\u00bb#ff7355&Prime; button_one_border_width=\u00a0\u00bb15px\u00a0\u00bb button_one_border_color=\u00a0\u00bbrgba(210,159,104,0)\u00a0\u00bb button_one_border_radius=\u00a0\u00bb100px\u00a0\u00bb button_one_letter_spacing=\u00a0\u00bb0px\u00a0\u00bb button_one_font=\u00a0\u00bbRubik|700|||||||\u00a0\u00bb button_one_use_icon=\u00a0\u00bboff\u00a0\u00bb custom_button_two=\u00a0\u00bbon\u00a0\u00bb button_two_text_size=\u00a0\u00bb16px\u00a0\u00bb button_two_text_color=\u00a0\u00bb#ffffff\u00a0\u00bb button_two_bg_color=\u00a0\u00bbrgba(0,0,0,0.6)\u00a0\u00bb button_two_border_width=\u00a0\u00bb15px\u00a0\u00bb button_two_border_color=\u00a0\u00bbrgba(210,159,104,0)\u00a0\u00bb button_two_border_radius=\u00a0\u00bb100px\u00a0\u00bb button_two_letter_spacing=\u00a0\u00bb0px\u00a0\u00bb button_two_font=\u00a0\u00bbRubik|700|||||||\u00a0\u00bb button_two_use_icon=\u00a0\u00bboff\u00a0\u00bb background_layout=\u00a0\u00bblight\u00a0\u00bb max_width_last_edited=\u00a0\u00bboff|desktop\u00a0\u00bb module_alignment=\u00a0\u00bbcenter\u00a0\u00bb custom_margin=\u00a0\u00bb|||\u00a0\u00bb custom_padding=\u00a0\u00bb8vw||4vw|\u00a0\u00bb subhead_font_size_tablet=\u00a0\u00bb\u00a0\u00bb subhead_font_size_phone=\u00a0\u00bb30px\u00a0\u00bb subhead_font_size_last_edited=\u00a0\u00bbon|phone\u00a0\u00bb button_one_border_radius_hover=\u00a0\u00bb100px\u00a0\u00bb button_two_border_radius_hover=\u00a0\u00bb100px\u00a0\u00bb button_one_bg_color_hover=\u00a0\u00bb#ff8a70&Prime; button_two_bg_color_hover=\u00a0\u00bb#ff8a70&Prime; button_one_text_size__hover_enabled=\u00a0\u00bboff\u00a0\u00bb button_two_text_size__hover_enabled=\u00a0\u00bboff\u00a0\u00bb button_one_text_color__hover_enabled=\u00a0\u00bboff\u00a0\u00bb button_two_text_color__hover_enabled=\u00a0\u00bboff\u00a0\u00bb button_one_border_width__hover_enabled=\u00a0\u00bboff\u00a0\u00bb button_two_border_width__hover_enabled=\u00a0\u00bboff\u00a0\u00bb button_one_border_color__hover_enabled=\u00a0\u00bboff\u00a0\u00bb button_two_border_color__hover_enabled=\u00a0\u00bboff\u00a0\u00bb button_one_border_radius__hover_enabled=\u00a0\u00bbon\u00a0\u00bb button_one_border_radius__hover=\u00a0\u00bb100px\u00a0\u00bb button_two_border_radius__hover_enabled=\u00a0\u00bbon\u00a0\u00bb button_two_border_radius__hover=\u00a0\u00bb100px\u00a0\u00bb button_one_letter_spacing__hover_enabled=\u00a0\u00bboff\u00a0\u00bb button_two_letter_spacing__hover_enabled=\u00a0\u00bboff\u00a0\u00bb button_one_bg_color__hover_enabled=\u00a0\u00bbon\u00a0\u00bb button_one_bg_color__hover=\u00a0\u00bb#ff8a70&Prime; button_two_bg_color__hover_enabled=\u00a0\u00bbon\u00a0\u00bb button_two_bg_color__hover=\u00a0\u00bb#ff8a70&Prime;][\/et_pb_fullwidth_header][\/et_pb_section][et_pb_section fb_built=\u00a0\u00bb1&Prime; _builder_version=\u00a0\u00bb4.7.5&Prime; background_color=\u00a0\u00bb#0c71c3&Prime; background_size=\u00a0\u00bbcontain\u00a0\u00bb background_position=\u00a0\u00bbtop_center\u00a0\u00bb custom_padding=\u00a0\u00bb|||\u00a0\u00bb][et_pb_row column_structure=\u00a0\u00bb2_3,1_3&Prime; _builder_version=\u00a0\u00bb4.7.5&Prime;][et_pb_column type=\u00a0\u00bb2_3&Prime; _builder_version=\u00a0\u00bb3.25&Prime; custom_padding=\u00a0\u00bb|||\u00a0\u00bb custom_padding__hover=\u00a0\u00bb|||\u00a0\u00bb][et_pb_text _builder_version=\u00a0\u00bb4.7.5&Prime; text_font=\u00a0\u00bbRubik|500|||||||\u00a0\u00bb text_font_size=\u00a0\u00bb16px\u00a0\u00bb text_line_height=\u00a0\u00bb2em\u00a0\u00bb quote_font=\u00a0\u00bb||||||||\u00a0\u00bb header_font=\u00a0\u00bb||||||||\u00a0\u00bb header_2_font=\u00a0\u00bbMogra||||||||\u00a0\u00bb header_2_font_size=\u00a0\u00bb40px\u00a0\u00bb header_2_line_height=\u00a0\u00bb1.4em\u00a0\u00bb header_5_font=\u00a0\u00bbRubik|700||on|||||\u00a0\u00bb header_5_letter_spacing=\u00a0\u00bb5px\u00a0\u00bb header_5_line_height=\u00a0\u00bb1.2em\u00a0\u00bb background_layout=\u00a0\u00bbdark\u00a0\u00bb max_width=\u00a0\u00bb600px\u00a0\u00bb max_width_tablet=\u00a0\u00bb\u00a0\u00bb max_width_phone=\u00a0\u00bb\u00a0\u00bb max_width_last_edited=\u00a0\u00bbon|phone\u00a0\u00bb custom_margin=\u00a0\u00bb|||\u00a0\u00bb custom_margin_tablet=\u00a0\u00bb|70px||70px\u00a0\u00bb custom_margin_phone=\u00a0\u00bb|50px||50px\u00a0\u00bb custom_margin_last_edited=\u00a0\u00bboff|desktop\u00a0\u00bb custom_padding=\u00a0\u00bb|||\u00a0\u00bb text_line_height_last_edited=\u00a0\u00bboff|desktop\u00a0\u00bb header_2_font_size_tablet=\u00a0\u00bb\u00a0\u00bb header_2_font_size_phone=\u00a0\u00bb30px\u00a0\u00bb header_2_font_size_last_edited=\u00a0\u00bbon|phone\u00a0\u00bb]<\/p>\n<h2>L&rsquo;APEL<\/h2>\n<p>[\/et_pb_text][et_pb_text _builder_version=\u00a0\u00bb4.7.5&Prime; text_font=\u00a0\u00bbRubik|500|||||||\u00a0\u00bb text_font_size=\u00a0\u00bb16px\u00a0\u00bb text_line_height=\u00a0\u00bb2em\u00a0\u00bb quote_font=\u00a0\u00bb||||||||\u00a0\u00bb header_font=\u00a0\u00bb||||||||\u00a0\u00bb header_2_font=\u00a0\u00bbRubik|700|||||||\u00a0\u00bb header_2_font_size=\u00a0\u00bb40px\u00a0\u00bb header_2_line_height=\u00a0\u00bb1.4em\u00a0\u00bb header_5_font=\u00a0\u00bbRubik|700||on|||||\u00a0\u00bb header_5_letter_spacing=\u00a0\u00bb5px\u00a0\u00bb header_5_line_height=\u00a0\u00bb1.2em\u00a0\u00bb background_layout=\u00a0\u00bbdark\u00a0\u00bb max_width=\u00a0\u00bb600px\u00a0\u00bb max_width_tablet=\u00a0\u00bb\u00a0\u00bb max_width_phone=\u00a0\u00bb\u00a0\u00bb max_width_last_edited=\u00a0\u00bbon|phone\u00a0\u00bb min_height=\u00a0\u00bb54px\u00a0\u00bb custom_margin=\u00a0\u00bb|||\u00a0\u00bb custom_margin_tablet=\u00a0\u00bb|70px||70px\u00a0\u00bb custom_margin_phone=\u00a0\u00bb|50px||50px\u00a0\u00bb custom_margin_last_edited=\u00a0\u00bboff|desktop\u00a0\u00bb custom_padding=\u00a0\u00bb||0px|||\u00a0\u00bb text_line_height_last_edited=\u00a0\u00bboff|desktop\u00a0\u00bb header_2_font_size_tablet=\u00a0\u00bb\u00a0\u00bb header_2_font_size_phone=\u00a0\u00bb30px\u00a0\u00bb header_2_font_size_last_edited=\u00a0\u00bbon|phone\u00a0\u00bb]<\/p>\n<h5>L\u2019\u00e9quipe APEL 2025-2026 :<\/h5>\n<p>&nbsp;<\/p>\n<p>BUREAU<\/p>\n<p>Copr\u00e9sidentes : Gw\u00e9na\u00eblle EVEZARD et Muriel DINER<\/p>\n<p>Tr\u00e9sori\u00e8re : Elise LE MOAL<\/p>\n<p>Secr\u00e9taire : B\u00e9atrice ILEMOINE<\/p>\n<p>\u00a0<span style=\"font-size: 16px;\">\u00a0<\/span><\/p>\n<div class=\"et_pb_module et_pb_text et_pb_text_3  et_pb_text_align_left et_pb_bg_layout_light\">\n<div class=\"et_pb_text_inner\">\n<h4>Qu\u2019est-ce que l\u2019APEL ?<\/h4>\n<p>L\u2019APEL, Association des Parents d\u2019\u00e9l\u00e8ves de l\u2019Enseignement Libre, est une association \u00e0 but non lucratif r\u00e9gie par la loi de 1901. Elle regroupe tous les parents de l\u2019\u00e9cole Notre Dame de Tr\u00e9minou qui choisissent d\u2019y adh\u00e9rer. Le conseil d\u2019administration de notre APEL est compos\u00e9 de parents b\u00e9n\u00e9voles.<\/p>\n<\/div>\n<\/div>\n<div class=\"et_pb_module et_pb_text et_pb_text_4  et_pb_text_align_left et_pb_bg_layout_light\">\n<div class=\"et_pb_text_inner\">\n<h4><\/h4>\n<p>Pour les contacter:<span> ecolesaintjoseph.apel.edern@gmail.com<\/span><\/p>\n<\/div>\n<\/div>\n<p>&nbsp;<\/p>\n<p>[\/et_pb_text][\/et_pb_column][et_pb_column type=\u00a0\u00bb1_3&Prime; _builder_version=\u00a0\u00bb3.25&Prime; custom_padding=\u00a0\u00bb|||\u00a0\u00bb custom_padding__hover=\u00a0\u00bb|||\u00a0\u00bb][et_pb_image src=\u00a0\u00bbhttp:\/\/saintjosephedern.fr\/wp-content\/uploads\/2020\/12\/jess-watters-483666-unsplash.jpg\u00a0\u00bb title_text=\u00a0\u00bbjess-watters-483666-unsplash\u00a0\u00bb _builder_version=\u00a0\u00bb4.7.5&Prime; _module_preset=\u00a0\u00bbdefault\u00a0\u00bb][\/et_pb_image][\/et_pb_column][\/et_pb_row][et_pb_row column_structure=\u00a0\u00bb1_3,1_3,1_3&Prime; _builder_version=\u00a0\u00bb4.7.5&Prime; hover_enabled=\u00a0\u00bb0&Prime; sticky_enabled=\u00a0\u00bb0&Prime;][et_pb_column type=\u00a0\u00bb1_3&Prime; _builder_version=\u00a0\u00bb4.7.5&Prime; _module_preset=\u00a0\u00bbdefault\u00a0\u00bb][et_pb_image src=\u00a0\u00bbhttp:\/\/saintjosephedern.fr\/wp-content\/uploads\/2020\/12\/drg.jpg\u00a0\u00bb title_text=\u00a0\u00bbdrg\u00a0\u00bb _builder_version=\u00a0\u00bb4.7.5&Prime; _module_preset=\u00a0\u00bbdefault\u00a0\u00bb][\/et_pb_image][et_pb_text _builder_version=\u00a0\u00bb4.7.5&Prime; text_font=\u00a0\u00bbRubik|500|||||||\u00a0\u00bb text_font_size=\u00a0\u00bb16px\u00a0\u00bb text_line_height=\u00a0\u00bb2em\u00a0\u00bb quote_font=\u00a0\u00bb||||||||\u00a0\u00bb header_font=\u00a0\u00bb||||||||\u00a0\u00bb header_2_font=\u00a0\u00bbMogra||||||||\u00a0\u00bb header_2_font_size=\u00a0\u00bb40px\u00a0\u00bb header_2_line_height=\u00a0\u00bb1.4em\u00a0\u00bb header_5_font=\u00a0\u00bbRubik|700||on|||||\u00a0\u00bb header_5_letter_spacing=\u00a0\u00bb5px\u00a0\u00bb header_5_line_height=\u00a0\u00bb1.2em\u00a0\u00bb background_layout=\u00a0\u00bbdark\u00a0\u00bb max_width=\u00a0\u00bb600px\u00a0\u00bb max_width_tablet=\u00a0\u00bb\u00a0\u00bb max_width_phone=\u00a0\u00bb\u00a0\u00bb max_width_last_edited=\u00a0\u00bbon|phone\u00a0\u00bb custom_margin=\u00a0\u00bb|||\u00a0\u00bb custom_margin_tablet=\u00a0\u00bb|70px||70px\u00a0\u00bb custom_margin_phone=\u00a0\u00bb|50px||50px\u00a0\u00bb custom_margin_last_edited=\u00a0\u00bboff|desktop\u00a0\u00bb custom_padding=\u00a0\u00bb|||\u00a0\u00bb text_line_height_last_edited=\u00a0\u00bboff|desktop\u00a0\u00bb header_2_font_size_tablet=\u00a0\u00bb\u00a0\u00bb header_2_font_size_phone=\u00a0\u00bb30px\u00a0\u00bb header_2_font_size_last_edited=\u00a0\u00bbon|phone\u00a0\u00bb]<\/p>\n<h2>L&rsquo;OGEC<\/h2>\n<p>[\/et_pb_text][et_pb_text _builder_version=\u00a0\u00bb4.7.5&Prime; text_font=\u00a0\u00bbRubik|500|||||||\u00a0\u00bb text_font_size=\u00a0\u00bb16px\u00a0\u00bb text_line_height=\u00a0\u00bb2em\u00a0\u00bb quote_font=\u00a0\u00bb||||||||\u00a0\u00bb header_font=\u00a0\u00bb||||||||\u00a0\u00bb header_2_font=\u00a0\u00bbRubik|700|||||||\u00a0\u00bb header_2_font_size=\u00a0\u00bb40px\u00a0\u00bb header_2_line_height=\u00a0\u00bb1.4em\u00a0\u00bb header_5_font=\u00a0\u00bbRubik|700||on|||||\u00a0\u00bb header_5_letter_spacing=\u00a0\u00bb5px\u00a0\u00bb header_5_line_height=\u00a0\u00bb1.2em\u00a0\u00bb background_layout=\u00a0\u00bbdark\u00a0\u00bb max_width=\u00a0\u00bb700px\u00a0\u00bb max_width_tablet=\u00a0\u00bb\u00a0\u00bb max_width_phone=\u00a0\u00bb\u00a0\u00bb max_width_last_edited=\u00a0\u00bbon|phone\u00a0\u00bb custom_margin=\u00a0\u00bb|-460px||||\u00a0\u00bb custom_margin_tablet=\u00a0\u00bb|70px||70px\u00a0\u00bb custom_margin_phone=\u00a0\u00bb|50px||50px\u00a0\u00bb custom_margin_last_edited=\u00a0\u00bboff|desktop\u00a0\u00bb custom_padding=\u00a0\u00bb|21px|32px|||\u00a0\u00bb hover_enabled=\u00a0\u00bb0&Prime; text_line_height_last_edited=\u00a0\u00bboff|desktop\u00a0\u00bb header_2_font_size_tablet=\u00a0\u00bb\u00a0\u00bb header_2_font_size_phone=\u00a0\u00bb30px\u00a0\u00bb header_2_font_size_last_edited=\u00a0\u00bbon|phone\u00a0\u00bb sticky_enabled=\u00a0\u00bb0&Prime;]<\/p>\n<h4>Qu\u2019est-ce que l\u2019OGEC ?<\/h4>\n<p>Les O.G.E.C. (Organismes de Gestion des Ecoles Catholiques) sont des associations r\u00e9gies par la loi de 1901. Initi\u00e9es par l\u2019Enseignement Catholique, elles sont au service des \u00e9tablissements. Elles leur donnent une existence juridique, c\u2019est-\u00e0-dire une personnalit\u00e9 morale.<\/p>\n<div class=\"template-page content  av-content-small alpha units\">\n<div class=\"post-entry post-entry-type-page post-entry-122\">\n<div class=\"entry-content-wrapper clearfix\">\n<section class=\"av_textblock_section av-jt03v6di-68cecfd68bc8ce8555e088aade5e7e61\" itemscope=\"itemscope\" itemtype=\"https:\/\/schema.org\/CreativeWork\">\n<div class=\"avia_textblock\" itemprop=\"text\">\n<h4>Quelles sont les missions de notre OGEC ?<\/h4>\n<p>\u2666 Un gestionnaire :<\/p>\n<p>Avec l\u2019aide du chef d\u2019\u00e9tablissement et d\u2019Isabelle Andro (secr\u00e9taire comptable), l\u2019OGEC r\u00e9alise le calcul et le suivi du budget, la tenue des comptes, la d\u00e9termination de la contribution demand\u00e9e aux familles, du prix de la cantine, l\u2019emploi et le suivi des versements \u00e0 la charge de l\u2019\u00e9tat et des collectivit\u00e9s territoriales, le paiement des charges de fonctionnement de l\u2019\u00e9tablissement, la souscription et la r\u00e9vision des assurances. En ce qui concerne la gestion des locaux, l\u2019O.G.E.C. doit veiller \u00e0 leur entretien, \u00e0 leur r\u00e9novation, \u00e0 leur am\u00e9nagement et \u00e0 leur agrandissement. Il doit \u00e9galement se pr\u00e9occuper des questions d\u2019hygi\u00e8ne et de s\u00e9curit\u00e9.<\/p>\n<p>\u2666 Un employeur :<\/p>\n<p>L\u2019O.G.E.C. signe le contrat de travail de tous les personnels de droit priv\u00e9 de l\u2019\u00e9tablissement qu\u2019il r\u00e9mun\u00e8re directement, celui du Chef d\u2019\u00e9tablissement mais aussi ceux de tous les autres personnels de l\u2019\u00e9tablissement, \u00e0 l\u2019exception des enseignants.<\/p>\n<p>&nbsp;<\/p>\n<\/div>\n<\/section>\n<section class=\"av_textblock_section av-jt03vqp2-635e62f4c39fe024a3002e088e31df45\" itemscope=\"itemscope\" itemtype=\"https:\/\/schema.org\/CreativeWork\">\n<div class=\"avia_textblock\" itemprop=\"text\">\n<h4>Qui le compose ?<\/h4>\n<p>Des membres de droit et des membres \u00e9lus. Les premiers sont le responsable de la tutelle dioc\u00e9saine, le pr\u00e9sident de l\u2019association des parents d\u2019\u00e9l\u00e8ves de l\u2019enseignement libre (A.P.E.L.) ou son repr\u00e9sentant, le pr\u00e9sident de l\u2019union d\u00e9partementale des O.G.E.C. (U.D.O.G.E.C.) ou son repr\u00e9sentant. Quant aux seconds, ce sont des parents d\u2019\u00e9l\u00e8ves, des amis de l\u2019\u00e9tablissement ou d\u2019anciens \u00e9l\u00e8ves, pr\u00eats \u00e0 consacrer une partie de leur temps \u00e0 l\u2019\u00e9tablissement.<\/p>\n<\/div>\n<\/section>\n<\/div>\n<\/div>\n<\/div>\n<p>[\/et_pb_text][\/et_pb_column][et_pb_column type=\u00a0\u00bb1_3&Prime; _builder_version=\u00a0\u00bb4.7.5&Prime; _module_preset=\u00a0\u00bbdefault\u00a0\u00bb][et_pb_text _builder_version=\u00a0\u00bb4.7.5&Prime; _module_preset=\u00a0\u00bbdefault\u00a0\u00bb hover_enabled=\u00a0\u00bb0&Prime; sticky_enabled=\u00a0\u00bb0&Prime; custom_padding=\u00a0\u00bb1px|||||\u00a0\u00bb]<\/p>\n<h5><span style=\"color: #f7f7f7;\">L\u2019\u00e9quipe OGEC 2025-2026 :<\/span><\/h5>\n<p><span style=\"color: #f7f7f7;\">\u00a0<\/span><\/p>\n<p><span style=\"color: #f7f7f7;\">BUREAU<\/span><\/p>\n<p><span style=\"color: #f7f7f7;\">Pr\u00e9sident : Jonathan IZAAC<\/span><\/p>\n<p><span style=\"color: #f7f7f7;\">Tr\u00e9sori\u00e8re : Ellen LANCIEN<\/span><\/p>\n<p><span style=\"color: #f7f7f7;\">Secr\u00e9taire : Sandy FLOC&rsquo;H<\/span><\/p>\n<p>[\/et_pb_text][\/et_pb_column][et_pb_column type=\u00a0\u00bb1_3&Prime; _builder_version=\u00a0\u00bb4.7.5&Prime; _module_preset=\u00a0\u00bbdefault\u00a0\u00bb][\/et_pb_column][\/et_pb_row][\/et_pb_section]<\/p>\n","protected":false},"excerpt":{"rendered":"<p>[et_pb_section fb_built=\u00a0\u00bb1&Prime; fullwidth=\u00a0\u00bbon\u00a0\u00bb admin_label=\u00a0\u00bbHero\u00a0\u00bb _builder_version=\u00a0\u00bb3.22&Prime; use_background_color_gradient=\u00a0\u00bbon\u00a0\u00bb background_color_gradient_start=\u00a0\u00bb#eeeff2&Prime; background_color_gradient_end=\u00a0\u00bbrgba(238,239,242,0)\u00a0\u00bb background_color_gradient_direction=\u00a0\u00bb90deg\u00a0\u00bb background_color_gradient_start_position=\u00a0\u00bb33%\u00a0\u00bb background_color_gradient_end_position=\u00a0\u00bb52%\u00a0\u00bb background_color_gradient_overlays_image=\u00a0\u00bbon\u00a0\u00bb background_image=\u00a0\u00bbhttp:\/\/saintjosephedern.fr\/wp-content\/uploads\/2021\/01\/dfg.jpg\u00a0\u00bb][et_pb_fullwidth_header subhead=\u00a0\u00bbL&rsquo;OGEC \/ L&rsquo;APEL\u00a0\u00bb content_max_width=\u00a0\u00bb600px\u00a0\u00bb _builder_version=\u00a0\u00bb4.7.5&Prime; title_font=\u00a0\u00bbRubik|700||on|||||\u00a0\u00bb title_text_color=\u00a0\u00bb#ff7355&Prime; title_font_size=\u00a0\u00bb16px\u00a0\u00bb title_letter_spacing=\u00a0\u00bb5px\u00a0\u00bb title_line_height=\u00a0\u00bb0.5em\u00a0\u00bb content_font=\u00a0\u00bbRubik||||||||\u00a0\u00bb content_font_size=\u00a0\u00bb18px\u00a0\u00bb subhead_font=\u00a0\u00bbMogra||||||||\u00a0\u00bb subhead_text_color=\u00a0\u00bb#0c71c3&Prime; subhead_font_size=\u00a0\u00bb50px\u00a0\u00bb subhead_line_height=\u00a0\u00bb1.5em\u00a0\u00bb background_color=\u00a0\u00bbrgba(255,255,255,0)\u00a0\u00bb use_background_color_gradient=\u00a0\u00bbon\u00a0\u00bb background_color_gradient_start=\u00a0\u00bb#ffffff\u00a0\u00bb background_color_gradient_end=\u00a0\u00bbrgba(255,255,255,0.7)\u00a0\u00bb background_color_gradient_direction=\u00a0\u00bb360deg\u00a0\u00bb background_color_gradient_overlays_image=\u00a0\u00bbon\u00a0\u00bb background_image=\u00a0\u00bbhttp:\/\/saintjosephedern.fr\/wp-content\/uploads\/2021\/02\/DSCN2274petit.jpg\u00a0\u00bb custom_button_one=\u00a0\u00bbon\u00a0\u00bb button_one_text_size=\u00a0\u00bb16px\u00a0\u00bb button_one_text_color=\u00a0\u00bb#ffffff\u00a0\u00bb button_one_bg_color=\u00a0\u00bb#ff7355&Prime; button_one_border_width=\u00a0\u00bb15px\u00a0\u00bb button_one_border_color=\u00a0\u00bbrgba(210,159,104,0)\u00a0\u00bb button_one_border_radius=\u00a0\u00bb100px\u00a0\u00bb button_one_letter_spacing=\u00a0\u00bb0px\u00a0\u00bb button_one_font=\u00a0\u00bbRubik|700|||||||\u00a0\u00bb button_one_use_icon=\u00a0\u00bboff\u00a0\u00bb custom_button_two=\u00a0\u00bbon\u00a0\u00bb button_two_text_size=\u00a0\u00bb16px\u00a0\u00bb button_two_text_color=\u00a0\u00bb#ffffff\u00a0\u00bb button_two_bg_color=\u00a0\u00bbrgba(0,0,0,0.6)\u00a0\u00bb button_two_border_width=\u00a0\u00bb15px\u00a0\u00bb button_two_border_color=\u00a0\u00bbrgba(210,159,104,0)\u00a0\u00bb button_two_border_radius=\u00a0\u00bb100px\u00a0\u00bb button_two_letter_spacing=\u00a0\u00bb0px\u00a0\u00bb button_two_font=\u00a0\u00bbRubik|700|||||||\u00a0\u00bb [&hellip;]<\/p>\n","protected":false},"author":1,"featured_media":0,"parent":0,"menu_order":0,"comment_status":"closed","ping_status":"closed","template":"","meta":{"_et_pb_use_builder":"on","_et_pb_old_content":"","_et_gb_content_width":"","footnotes":""},"class_list":["post-343","page","type-page","status-publish","hentry"],"_links":{"self":[{"href":"http:\/\/saintjosephedern.fr\/index.php?rest_route=\/wp\/v2\/pages\/343","targetHints":{"allow":["GET"]}}],"collection":[{"href":"http:\/\/saintjosephedern.fr\/index.php?rest_route=\/wp\/v2\/pages"}],"about":[{"href":"http:\/\/saintjosephedern.fr\/index.php?rest_route=\/wp\/v2\/types\/page"}],"author":[{"embeddable":true,"href":"http:\/\/saintjosephedern.fr\/index.php?rest_route=\/wp\/v2\/users\/1"}],"replies":[{"embeddable":true,"href":"http:\/\/saintjosephedern.fr\/index.php?rest_route=%2Fwp%2Fv2%2Fcomments&post=343"}],"version-history":[{"count":5,"href":"http:\/\/saintjosephedern.fr\/index.php?rest_route=\/wp\/v2\/pages\/343\/revisions"}],"predecessor-version":[{"id":739,"href":"http:\/\/saintjosephedern.fr\/index.php?rest_route=\/wp\/v2\/pages\/343\/revisions\/739"}],"wp:attachment":[{"href":"http:\/\/saintjosephedern.fr\/index.php?rest_route=%2Fwp%2Fv2%2Fmedia&parent=343"}],"curies":[{"name":"wp","href":"https:\/\/api.w.org\/{rel}","templated":true}]}}