{"id":463,"date":"2021-03-12T14:40:18","date_gmt":"2021-03-12T13:40:18","guid":{"rendered":"http:\/\/saintjosephedern.fr\/?page_id=463"},"modified":"2026-03-11T13:39:55","modified_gmt":"2026-03-11T12:39:55","slug":"infos-generales","status":"publish","type":"page","link":"http:\/\/saintjosephedern.fr\/?page_id=463","title":{"rendered":"Infos g\u00e9n\u00e9rales"},"content":{"rendered":"<p>[et_pb_section fb_built=\u00a0\u00bb1&Prime; fullwidth=\u00a0\u00bbon\u00a0\u00bb admin_label=\u00a0\u00bbHero\u00a0\u00bb _builder_version=\u00a0\u00bb3.22&Prime; use_background_color_gradient=\u00a0\u00bbon\u00a0\u00bb background_color_gradient_start=\u00a0\u00bb#eeeff2&Prime; background_color_gradient_end=\u00a0\u00bbrgba(238,239,242,0)\u00a0\u00bb background_color_gradient_direction=\u00a0\u00bb90deg\u00a0\u00bb background_color_gradient_start_position=\u00a0\u00bb33%\u00a0\u00bb background_color_gradient_end_position=\u00a0\u00bb52%\u00a0\u00bb background_color_gradient_overlays_image=\u00a0\u00bbon\u00a0\u00bb background_image=\u00a0\u00bbhttp:\/\/saintjosephedern.fr\/wp-content\/uploads\/2021\/01\/dfg.jpg\u00a0\u00bb][et_pb_fullwidth_header subhead=\u00a0\u00bbInformations g\u00e9n\u00e9rales\u00a0\u00bb content_max_width=\u00a0\u00bb600px\u00a0\u00bb _builder_version=\u00a0\u00bb4.7.5&Prime; title_font=\u00a0\u00bbRubik|700||on|||||\u00a0\u00bb title_text_color=\u00a0\u00bb#ff7355&Prime; title_font_size=\u00a0\u00bb16px\u00a0\u00bb title_letter_spacing=\u00a0\u00bb5px\u00a0\u00bb title_line_height=\u00a0\u00bb0.5em\u00a0\u00bb content_font=\u00a0\u00bbRubik||||||||\u00a0\u00bb content_font_size=\u00a0\u00bb18px\u00a0\u00bb subhead_font=\u00a0\u00bbMogra||||||||\u00a0\u00bb subhead_text_color=\u00a0\u00bb#707070&Prime; subhead_font_size=\u00a0\u00bb50px\u00a0\u00bb subhead_line_height=\u00a0\u00bb1.5em\u00a0\u00bb background_color=\u00a0\u00bbrgba(255,255,255,0)\u00a0\u00bb use_background_color_gradient=\u00a0\u00bbon\u00a0\u00bb background_color_gradient_start=\u00a0\u00bb#ffffff\u00a0\u00bb background_color_gradient_end=\u00a0\u00bbrgba(255,255,255,0.7)\u00a0\u00bb background_color_gradient_direction=\u00a0\u00bb360deg\u00a0\u00bb background_color_gradient_overlays_image=\u00a0\u00bbon\u00a0\u00bb background_image=\u00a0\u00bbhttp:\/\/saintjosephedern.fr\/wp-content\/uploads\/2021\/02\/DSCN2274petit.jpg\u00a0\u00bb custom_button_one=\u00a0\u00bbon\u00a0\u00bb button_one_text_size=\u00a0\u00bb16px\u00a0\u00bb button_one_text_color=\u00a0\u00bb#ffffff\u00a0\u00bb button_one_bg_color=\u00a0\u00bb#ff7355&Prime; button_one_border_width=\u00a0\u00bb15px\u00a0\u00bb button_one_border_color=\u00a0\u00bbrgba(210,159,104,0)\u00a0\u00bb button_one_border_radius=\u00a0\u00bb100px\u00a0\u00bb button_one_letter_spacing=\u00a0\u00bb0px\u00a0\u00bb button_one_font=\u00a0\u00bbRubik|700|||||||\u00a0\u00bb button_one_use_icon=\u00a0\u00bboff\u00a0\u00bb custom_button_two=\u00a0\u00bbon\u00a0\u00bb button_two_text_size=\u00a0\u00bb16px\u00a0\u00bb button_two_text_color=\u00a0\u00bb#ffffff\u00a0\u00bb button_two_bg_color=\u00a0\u00bbrgba(0,0,0,0.6)\u00a0\u00bb button_two_border_width=\u00a0\u00bb15px\u00a0\u00bb button_two_border_color=\u00a0\u00bbrgba(210,159,104,0)\u00a0\u00bb button_two_border_radius=\u00a0\u00bb100px\u00a0\u00bb button_two_letter_spacing=\u00a0\u00bb0px\u00a0\u00bb button_two_font=\u00a0\u00bbRubik|700|||||||\u00a0\u00bb button_two_use_icon=\u00a0\u00bboff\u00a0\u00bb background_layout=\u00a0\u00bblight\u00a0\u00bb max_width_last_edited=\u00a0\u00bboff|desktop\u00a0\u00bb module_alignment=\u00a0\u00bbcenter\u00a0\u00bb custom_margin=\u00a0\u00bb|||\u00a0\u00bb custom_padding=\u00a0\u00bb8vw||4vw|\u00a0\u00bb subhead_font_size_tablet=\u00a0\u00bb\u00a0\u00bb subhead_font_size_phone=\u00a0\u00bb30px\u00a0\u00bb subhead_font_size_last_edited=\u00a0\u00bbon|phone\u00a0\u00bb button_one_border_radius_hover=\u00a0\u00bb100px\u00a0\u00bb button_two_border_radius_hover=\u00a0\u00bb100px\u00a0\u00bb button_one_bg_color_hover=\u00a0\u00bb#ff8a70&Prime; button_two_bg_color_hover=\u00a0\u00bb#ff8a70&Prime; button_one_text_size__hover_enabled=\u00a0\u00bboff\u00a0\u00bb button_two_text_size__hover_enabled=\u00a0\u00bboff\u00a0\u00bb button_one_text_color__hover_enabled=\u00a0\u00bboff\u00a0\u00bb button_two_text_color__hover_enabled=\u00a0\u00bboff\u00a0\u00bb button_one_border_width__hover_enabled=\u00a0\u00bboff\u00a0\u00bb button_two_border_width__hover_enabled=\u00a0\u00bboff\u00a0\u00bb button_one_border_color__hover_enabled=\u00a0\u00bboff\u00a0\u00bb button_two_border_color__hover_enabled=\u00a0\u00bboff\u00a0\u00bb button_one_border_radius__hover_enabled=\u00a0\u00bbon\u00a0\u00bb button_one_border_radius__hover=\u00a0\u00bb100px\u00a0\u00bb button_two_border_radius__hover_enabled=\u00a0\u00bbon\u00a0\u00bb button_two_border_radius__hover=\u00a0\u00bb100px\u00a0\u00bb button_one_letter_spacing__hover_enabled=\u00a0\u00bboff\u00a0\u00bb button_two_letter_spacing__hover_enabled=\u00a0\u00bboff\u00a0\u00bb button_one_bg_color__hover_enabled=\u00a0\u00bbon\u00a0\u00bb button_one_bg_color__hover=\u00a0\u00bb#ff8a70&Prime; button_two_bg_color__hover_enabled=\u00a0\u00bbon\u00a0\u00bb button_two_bg_color__hover=\u00a0\u00bb#ff8a70&Prime;][\/et_pb_fullwidth_header][\/et_pb_section][et_pb_section fb_built=\u00a0\u00bb1&Prime; _builder_version=\u00a0\u00bb4.7.5&Prime; background_color=\u00a0\u00bb#f4e000&Prime; background_size=\u00a0\u00bbcontain\u00a0\u00bb background_position=\u00a0\u00bbtop_center\u00a0\u00bb custom_padding=\u00a0\u00bb|||\u00a0\u00bb][et_pb_row column_structure=\u00a0\u00bb2_3,1_3&Prime; _builder_version=\u00a0\u00bb4.7.5&Prime;][et_pb_column type=\u00a0\u00bb2_3&Prime; _builder_version=\u00a0\u00bb3.25&Prime; custom_padding=\u00a0\u00bb|||\u00a0\u00bb custom_padding__hover=\u00a0\u00bb|||\u00a0\u00bb][et_pb_text _builder_version=\u00a0\u00bb4.7.5&Prime; text_font=\u00a0\u00bbRubik|500|||||||\u00a0\u00bb text_text_color=\u00a0\u00bb#707070&Prime; text_font_size=\u00a0\u00bb16px\u00a0\u00bb text_line_height=\u00a0\u00bb2em\u00a0\u00bb quote_font=\u00a0\u00bb||||||||\u00a0\u00bb header_font=\u00a0\u00bb||||||||\u00a0\u00bb header_text_color=\u00a0\u00bb#707070&Prime; header_2_font=\u00a0\u00bbRubik|700|||||||\u00a0\u00bb header_2_font_size=\u00a0\u00bb40px\u00a0\u00bb header_2_line_height=\u00a0\u00bb1.4em\u00a0\u00bb header_5_font=\u00a0\u00bbRubik|700||on|||||\u00a0\u00bb header_5_letter_spacing=\u00a0\u00bb5px\u00a0\u00bb header_5_line_height=\u00a0\u00bb1.2em\u00a0\u00bb background_layout=\u00a0\u00bbdark\u00a0\u00bb max_width=\u00a0\u00bb695px\u00a0\u00bb max_width_tablet=\u00a0\u00bb\u00a0\u00bb max_width_phone=\u00a0\u00bb\u00a0\u00bb max_width_last_edited=\u00a0\u00bbon|phone\u00a0\u00bb custom_margin=\u00a0\u00bb|||\u00a0\u00bb custom_margin_tablet=\u00a0\u00bb|70px||70px\u00a0\u00bb custom_margin_phone=\u00a0\u00bb|50px||50px\u00a0\u00bb custom_margin_last_edited=\u00a0\u00bboff|desktop\u00a0\u00bb custom_padding=\u00a0\u00bb|||\u00a0\u00bb text_line_height_last_edited=\u00a0\u00bboff|desktop\u00a0\u00bb header_2_font_size_tablet=\u00a0\u00bb\u00a0\u00bb header_2_font_size_phone=\u00a0\u00bb30px\u00a0\u00bb header_2_font_size_last_edited=\u00a0\u00bbon|phone\u00a0\u00bb]<\/p>\n<p><u>Cahier de liaison<\/u><\/p>\n<p>Le cahier de liaison n&rsquo;est donn\u00e9 qu&rsquo;aux a\u00een\u00e9s. Si un mot ne concerne que les maternelles, il sera mis dans le cahier de l&rsquo;a\u00een\u00e9.\u00a0\u00a0\u00a0\u00a0\u00a0\u00a0\u00a0\u00a0\u00a0\u00a0\u00a0\u00a0\u00a0\u00a0\u00a0\u00a0\u00a0\u00a0\u00a0\u00a0\u00a0\u00a0\u00a0\u00a0\u00a0\u00a0\u00a0\u00a0\u00a0\u00a0\u00a0\u00a0\u00a0\u00a0\u00a0\u00a0\u00a0\u00a0\u00a0\u00a0\u00a0\u00a0\u00a0\u00a0\u00a0\u00a0\u00a0\u00a0\u00a0\u00a0\u00a0\u00a0\u00a0\u00a0\u00a0\u00a0\u00a0\u00a0\u00a0\u00a0\u00a0\u00a0\u00a0\u00a0<\/p>\n<p>Pensez \u00e0 le consulter (toutes les circulaires doivent \u00eatre sign\u00e9es) et \u00e0 l&rsquo;utiliser (remarques, rendez-vous, absences&#8230;). La plupart des mots seront \u00e9galement envoy\u00e9s par mail.<\/p>\n<p><u>Retards et absences<\/u><\/p>\n<p>Les parents doivent imp\u00e9rativement pr\u00e9venir l&rsquo;enseignant du retard ou de l&rsquo;absence de leur enfant en t\u00e9l\u00e9phonant \u00e0 l&rsquo;\u00e9cole au 02-98-57-35-98, le plus rapidement possible. Ils doivent en outre remettre \u00e0 l&rsquo;enseignant un mot \u00e9crit sur le cahier de liaison pr\u00e9cisant le motif de l&rsquo;absence.<\/p>\n<p><u>Relations parents\/enseignants<\/u><\/p>\n<p>Les parents sont invit\u00e9s \u00e0 signaler tout probl\u00e8me de sant\u00e9 ou familial dont les enseignants pourront tenir compte. Prenez rendez-vous afin d&rsquo;\u00e9viter de parler de votre enfant au portail ou sur la cour.<\/p>\n<p>Une r\u00e9union de d\u00e9but d&rsquo;ann\u00e9e est organis\u00e9e dans chaque classe.<\/p>\n<p><u>Aide aux devoirs<\/u><\/p>\n<p><u> <\/u>Une aide aux devoirs est mise en place les lundis et jeudis soirs de 17 \u00e0 18h00.\u00a0\u00a0 Il faut s&rsquo;inscrire en d\u00e9but d&rsquo;ann\u00e9e (une circulaire vous sera transmise)\u00a0<\/p>\n<p><u>Vie pratique<\/u><\/p>\n<p>Merci de respecter les manuels qui sont confi\u00e9s aux enfants. Les livres et les fichiers doivent \u00eatre couverts. Toute d\u00e9t\u00e9rioration volontaire entra\u00eenera le remboursement ou le rachat.<\/p>\n<p>L&rsquo;\u00e9cole n&rsquo;est pas responsable des objets personnels emmen\u00e9s \u00e0 l&rsquo;\u00e9cole. Les objets tels que t\u00e9l\u00e9phones portables, appareils photos, lecteurs MP3 et objets dangereux sont par ailleurs interdits.<\/p>\n<p>&nbsp;<\/p>\n<p>&nbsp;<\/p>\n<p><span style=\"font-size: 12.0pt; line-height: 115%; font-family: 'Comic Sans MS';\"><o:p><\/o:p><\/span><\/p>\n<p><span style=\"font-size: 10.0pt; line-height: 115%; font-family: 'Comic Sans MS';\"><o:p><\/o:p><\/span><\/p>\n<p>[\/et_pb_text][\/et_pb_column][et_pb_column type=\u00a0\u00bb1_3&Prime; _builder_version=\u00a0\u00bb3.25&Prime; custom_padding=\u00a0\u00bb|||\u00a0\u00bb custom_padding__hover=\u00a0\u00bb|||\u00a0\u00bb][et_pb_image src=\u00a0\u00bbhttp:\/\/saintjosephedern.fr\/wp-content\/uploads\/2021\/02\/IMG_20201015_103918-1-scaled.jpg\u00a0\u00bb title_text=\u00a0\u00bbrbt\u00a0\u00bb _builder_version=\u00a0\u00bb4.7.5&Prime; _module_preset=\u00a0\u00bbdefault\u00a0\u00bb][\/et_pb_image][\/et_pb_column][\/et_pb_row][\/et_pb_section]<\/p>\n","protected":false},"excerpt":{"rendered":"<p>[et_pb_section fb_built=\u00a0\u00bb1&Prime; fullwidth=\u00a0\u00bbon\u00a0\u00bb admin_label=\u00a0\u00bbHero\u00a0\u00bb _builder_version=\u00a0\u00bb3.22&Prime; use_background_color_gradient=\u00a0\u00bbon\u00a0\u00bb background_color_gradient_start=\u00a0\u00bb#eeeff2&Prime; background_color_gradient_end=\u00a0\u00bbrgba(238,239,242,0)\u00a0\u00bb background_color_gradient_direction=\u00a0\u00bb90deg\u00a0\u00bb background_color_gradient_start_position=\u00a0\u00bb33%\u00a0\u00bb background_color_gradient_end_position=\u00a0\u00bb52%\u00a0\u00bb background_color_gradient_overlays_image=\u00a0\u00bbon\u00a0\u00bb background_image=\u00a0\u00bbhttp:\/\/saintjosephedern.fr\/wp-content\/uploads\/2021\/01\/dfg.jpg\u00a0\u00bb][et_pb_fullwidth_header subhead=\u00a0\u00bbInformations g\u00e9n\u00e9rales\u00a0\u00bb content_max_width=\u00a0\u00bb600px\u00a0\u00bb _builder_version=\u00a0\u00bb4.7.5&Prime; title_font=\u00a0\u00bbRubik|700||on|||||\u00a0\u00bb title_text_color=\u00a0\u00bb#ff7355&Prime; title_font_size=\u00a0\u00bb16px\u00a0\u00bb title_letter_spacing=\u00a0\u00bb5px\u00a0\u00bb title_line_height=\u00a0\u00bb0.5em\u00a0\u00bb content_font=\u00a0\u00bbRubik||||||||\u00a0\u00bb content_font_size=\u00a0\u00bb18px\u00a0\u00bb subhead_font=\u00a0\u00bbMogra||||||||\u00a0\u00bb subhead_text_color=\u00a0\u00bb#707070&Prime; subhead_font_size=\u00a0\u00bb50px\u00a0\u00bb subhead_line_height=\u00a0\u00bb1.5em\u00a0\u00bb background_color=\u00a0\u00bbrgba(255,255,255,0)\u00a0\u00bb use_background_color_gradient=\u00a0\u00bbon\u00a0\u00bb background_color_gradient_start=\u00a0\u00bb#ffffff\u00a0\u00bb background_color_gradient_end=\u00a0\u00bbrgba(255,255,255,0.7)\u00a0\u00bb background_color_gradient_direction=\u00a0\u00bb360deg\u00a0\u00bb background_color_gradient_overlays_image=\u00a0\u00bbon\u00a0\u00bb background_image=\u00a0\u00bbhttp:\/\/saintjosephedern.fr\/wp-content\/uploads\/2021\/02\/DSCN2274petit.jpg\u00a0\u00bb custom_button_one=\u00a0\u00bbon\u00a0\u00bb button_one_text_size=\u00a0\u00bb16px\u00a0\u00bb button_one_text_color=\u00a0\u00bb#ffffff\u00a0\u00bb button_one_bg_color=\u00a0\u00bb#ff7355&Prime; button_one_border_width=\u00a0\u00bb15px\u00a0\u00bb button_one_border_color=\u00a0\u00bbrgba(210,159,104,0)\u00a0\u00bb button_one_border_radius=\u00a0\u00bb100px\u00a0\u00bb button_one_letter_spacing=\u00a0\u00bb0px\u00a0\u00bb button_one_font=\u00a0\u00bbRubik|700|||||||\u00a0\u00bb button_one_use_icon=\u00a0\u00bboff\u00a0\u00bb custom_button_two=\u00a0\u00bbon\u00a0\u00bb button_two_text_size=\u00a0\u00bb16px\u00a0\u00bb button_two_text_color=\u00a0\u00bb#ffffff\u00a0\u00bb button_two_bg_color=\u00a0\u00bbrgba(0,0,0,0.6)\u00a0\u00bb button_two_border_width=\u00a0\u00bb15px\u00a0\u00bb button_two_border_color=\u00a0\u00bbrgba(210,159,104,0)\u00a0\u00bb button_two_border_radius=\u00a0\u00bb100px\u00a0\u00bb button_two_letter_spacing=\u00a0\u00bb0px\u00a0\u00bb button_two_font=\u00a0\u00bbRubik|700|||||||\u00a0\u00bb button_two_use_icon=\u00a0\u00bboff\u00a0\u00bb [&hellip;]<\/p>\n","protected":false},"author":1,"featured_media":0,"parent":0,"menu_order":0,"comment_status":"closed","ping_status":"closed","template":"","meta":{"_et_pb_use_builder":"on","_et_pb_old_content":"","_et_gb_content_width":"","footnotes":""},"class_list":["post-463","page","type-page","status-publish","hentry"],"_links":{"self":[{"href":"http:\/\/saintjosephedern.fr\/index.php?rest_route=\/wp\/v2\/pages\/463","targetHints":{"allow":["GET"]}}],"collection":[{"href":"http:\/\/saintjosephedern.fr\/index.php?rest_route=\/wp\/v2\/pages"}],"about":[{"href":"http:\/\/saintjosephedern.fr\/index.php?rest_route=\/wp\/v2\/types\/page"}],"author":[{"embeddable":true,"href":"http:\/\/saintjosephedern.fr\/index.php?rest_route=\/wp\/v2\/users\/1"}],"replies":[{"embeddable":true,"href":"http:\/\/saintjosephedern.fr\/index.php?rest_route=%2Fwp%2Fv2%2Fcomments&post=463"}],"version-history":[{"count":8,"href":"http:\/\/saintjosephedern.fr\/index.php?rest_route=\/wp\/v2\/pages\/463\/revisions"}],"predecessor-version":[{"id":751,"href":"http:\/\/saintjosephedern.fr\/index.php?rest_route=\/wp\/v2\/pages\/463\/revisions\/751"}],"wp:attachment":[{"href":"http:\/\/saintjosephedern.fr\/index.php?rest_route=%2Fwp%2Fv2%2Fmedia&parent=463"}],"curies":[{"name":"wp","href":"https:\/\/api.w.org\/{rel}","templated":true}]}}